{"id":6391,"date":"2024-12-11T12:19:12","date_gmt":"2024-12-11T12:19:12","guid":{"rendered":"https:\/\/puretaste.fr\/?post_type=product&#038;p=6391"},"modified":"2026-02-10T17:54:47","modified_gmt":"2026-02-10T17:54:47","slug":"domaine-la-guintrandy-beaumes-de-venise","status":"publish","type":"product","link":"https:\/\/puretaste.fr\/nl\/product\/domaine-la-guintrandy-beaumes-de-venise\/","title":{"rendered":"Domaine la Guintrandy, Beaumes de Venise BIO 2022"},"content":{"rendered":"\t\t<div data-elementor-type=\"product-post\" data-elementor-id=\"6391\" class=\"elementor elementor-6391\" data-elementor-post-type=\"product\">\n\t\t\t\t<div class=\"elementor-element elementor-element-27458d00 e-flex e-con-boxed e-con e-parent\" data-id=\"27458d00\" data-element_type=\"container\" data-e-type=\"container\">\n\t\t\t\t\t<div class=\"e-con-inner\">\n\t\t\t\t<div class=\"elementor-element elementor-element-fa674ed elementor-widget elementor-widget-gallery\" data-id=\"fa674ed\" data-element_type=\"widget\" data-e-type=\"widget\" data-settings=\"{&quot;columns&quot;:5,&quot;gap&quot;:{&quot;unit&quot;:&quot;px&quot;,&quot;size&quot;:8,&quot;sizes&quot;:[]},&quot;aspect_ratio&quot;:&quot;4:3&quot;,&quot;lazyload&quot;:&quot;yes&quot;,&quot;gallery_layout&quot;:&quot;grid&quot;,&quot;columns_tablet&quot;:2,&quot;columns_mobile&quot;:1,&quot;gap_laptop&quot;:{&quot;unit&quot;:&quot;px&quot;,&quot;size&quot;:10,&quot;sizes&quot;:[]},&quot;gap_tablet_extra&quot;:{&quot;unit&quot;:&quot;px&quot;,&quot;size&quot;:10,&quot;sizes&quot;:[]},&quot;gap_tablet&quot;:{&quot;unit&quot;:&quot;px&quot;,&quot;size&quot;:10,&quot;sizes&quot;:[]},&quot;gap_mobile_extra&quot;:{&quot;unit&quot;:&quot;px&quot;,&quot;size&quot;:10,&quot;sizes&quot;:[]},&quot;gap_mobile&quot;:{&quot;unit&quot;:&quot;px&quot;,&quot;size&quot;:10,&quot;sizes&quot;:[]},&quot;link_to&quot;:&quot;file&quot;,&quot;overlay_background&quot;:&quot;yes&quot;,&quot;content_hover_animation&quot;:&quot;fade-in&quot;}\" data-widget_type=\"gallery.default\">\n\t\t\t\t<div class=\"elementor-widget-container\">\n\t\t\t\t\t\t\t<div class=\"elementor-gallery__container\">\n\t\t\t\t\t\t\t<a class=\"e-gallery-item elementor-gallery-item elementor-animated-content\" href=\"https:\/\/puretaste.fr\/wp-content\/uploads\/guintrandy.jpg\" data-elementor-open-lightbox=\"yes\" data-elementor-lightbox-slideshow=\"fa674ed\" data-elementor-lightbox-title=\"Domaine la Guintrandy\" data-elementor-lightbox-description=\"Domaine la Guintrandy\" data-e-action-hash=\"#elementor-action%3Aaction%3Dlightbox%26settings%3DeyJpZCI6MzU5NCwidXJsIjoiaHR0cHM6XC9cL3B1cmV0YXN0ZS5mclwvd3AtY29udGVudFwvdXBsb2Fkc1wvZ3VpbnRyYW5keS5qcGciLCJzbGlkZXNob3ciOiJmYTY3NGVkIn0%3D\">\n\t\t\t\t\t<div class=\"e-gallery-image elementor-gallery-item__image\" data-thumbnail=\"https:\/\/puretaste.fr\/wp-content\/uploads\/guintrandy-768x373.jpg\" data-width=\"768\" data-height=\"373\" aria-label=\"Domaine la Guintrandy\" role=\"img\" ><\/div>\n\t\t\t\t\t\t\t\t\t\t\t<div class=\"elementor-gallery-item__overlay\"><\/div>\n\t\t\t\t\t\t\t\t\t\t\t\t\t\t<\/a>\n\t\t\t\t\t\t\t<a class=\"e-gallery-item elementor-gallery-item elementor-animated-content\" href=\"https:\/\/puretaste.fr\/wp-content\/uploads\/guintrandy1.jpg\" data-elementor-open-lightbox=\"yes\" data-elementor-lightbox-slideshow=\"fa674ed\" data-elementor-lightbox-title=\"Domaine la Guintrandy\" data-elementor-lightbox-description=\"Domaine la Guintrandy\" data-e-action-hash=\"#elementor-action%3Aaction%3Dlightbox%26settings%3DeyJpZCI6MzU5MSwidXJsIjoiaHR0cHM6XC9cL3B1cmV0YXN0ZS5mclwvd3AtY29udGVudFwvdXBsb2Fkc1wvZ3VpbnRyYW5keTEuanBnIiwic2xpZGVzaG93IjoiZmE2NzRlZCJ9\">\n\t\t\t\t\t<div class=\"e-gallery-image elementor-gallery-item__image\" data-thumbnail=\"https:\/\/puretaste.fr\/wp-content\/uploads\/guintrandy1.jpg\" data-width=\"550\" data-height=\"365\" aria-label=\"Domaine la Guintrandy\" role=\"img\" ><\/div>\n\t\t\t\t\t\t\t\t\t\t\t<div class=\"elementor-gallery-item__overlay\"><\/div>\n\t\t\t\t\t\t\t\t\t\t\t\t\t\t<\/a>\n\t\t\t\t\t\t\t<a class=\"e-gallery-item elementor-gallery-item elementor-animated-content\" href=\"https:\/\/puretaste.fr\/wp-content\/uploads\/vins-guintrandy-rhone-2.jpg\" data-elementor-open-lightbox=\"yes\" data-elementor-lightbox-slideshow=\"fa674ed\" data-elementor-lightbox-title=\"Domaine la Guintrandy\" data-elementor-lightbox-description=\"Domaine la Guintrandy\" data-e-action-hash=\"#elementor-action%3Aaction%3Dlightbox%26settings%3DeyJpZCI6MzU4OCwidXJsIjoiaHR0cHM6XC9cL3B1cmV0YXN0ZS5mclwvd3AtY29udGVudFwvdXBsb2Fkc1wvdmlucy1ndWludHJhbmR5LXJob25lLTIuanBnIiwic2xpZGVzaG93IjoiZmE2NzRlZCJ9\">\n\t\t\t\t\t<div class=\"e-gallery-image elementor-gallery-item__image\" data-thumbnail=\"https:\/\/puretaste.fr\/wp-content\/uploads\/vins-guintrandy-rhone-2.jpg\" data-width=\"457\" data-height=\"235\" aria-label=\"Domaine la Guintrandy\" role=\"img\" ><\/div>\n\t\t\t\t\t\t\t\t\t\t\t<div class=\"elementor-gallery-item__overlay\"><\/div>\n\t\t\t\t\t\t\t\t\t\t\t\t\t\t<\/a>\n\t\t\t\t\t\t\t<a class=\"e-gallery-item elementor-gallery-item elementor-animated-content\" href=\"https:\/\/puretaste.fr\/wp-content\/uploads\/Olivier-Cuilleras.jpg\" data-elementor-open-lightbox=\"yes\" data-elementor-lightbox-slideshow=\"fa674ed\" data-elementor-lightbox-title=\"Olivier-Cuilleras\" data-elementor-lightbox-description=\"Domaine la Guintrandy\" data-e-action-hash=\"#elementor-action%3Aaction%3Dlightbox%26settings%3DeyJpZCI6MzU4NSwidXJsIjoiaHR0cHM6XC9cL3B1cmV0YXN0ZS5mclwvd3AtY29udGVudFwvdXBsb2Fkc1wvT2xpdmllci1DdWlsbGVyYXMuanBnIiwic2xpZGVzaG93IjoiZmE2NzRlZCJ9\">\n\t\t\t\t\t<div class=\"e-gallery-image elementor-gallery-item__image\" data-thumbnail=\"https:\/\/puretaste.fr\/wp-content\/uploads\/Olivier-Cuilleras.jpg\" data-width=\"352\" data-height=\"400\" aria-label=\"Domaine la Guintrandy\" role=\"img\" ><\/div>\n\t\t\t\t\t\t\t\t\t\t\t<div class=\"elementor-gallery-item__overlay\"><\/div>\n\t\t\t\t\t\t\t\t\t\t\t\t\t\t<\/a>\n\t\t\t\t\t\t\t<a class=\"e-gallery-item elementor-gallery-item elementor-animated-content\" href=\"https:\/\/puretaste.fr\/wp-content\/uploads\/74032108_p_ml.jpg\" data-elementor-open-lightbox=\"yes\" data-elementor-lightbox-slideshow=\"fa674ed\" data-elementor-lightbox-title=\"Domaine la Guintrandy\" data-elementor-lightbox-description=\"Domaine la Guintrandy\" data-e-action-hash=\"#elementor-action%3Aaction%3Dlightbox%26settings%3DeyJpZCI6MzU4MiwidXJsIjoiaHR0cHM6XC9cL3B1cmV0YXN0ZS5mclwvd3AtY29udGVudFwvdXBsb2Fkc1wvNzQwMzIxMDhfcF9tbC5qcGciLCJzbGlkZXNob3ciOiJmYTY3NGVkIn0%3D\">\n\t\t\t\t\t<div class=\"e-gallery-image elementor-gallery-item__image\" data-thumbnail=\"https:\/\/puretaste.fr\/wp-content\/uploads\/74032108_p_ml.jpg\" data-width=\"150\" data-height=\"113\" aria-label=\"Domaine la Guintrandy\" role=\"img\" ><\/div>\n\t\t\t\t\t\t\t\t\t\t\t<div class=\"elementor-gallery-item__overlay\"><\/div>\n\t\t\t\t\t\t\t\t\t\t\t\t\t\t<\/a>\n\t\t\t\t\t<\/div>\n\t\t\t\t\t<\/div>\n\t\t\t\t<\/div>\n\t\t\t\t<div class=\"elementor-element elementor-element-39fc6e5f elementor-widget elementor-widget-text-editor\" data-id=\"39fc6e5f\" data-element_type=\"widget\" data-e-type=\"widget\" data-widget_type=\"text-editor.default\">\n\t\t\t\t<div class=\"elementor-widget-container\">\n\t\t\t\t\t\t\t\t\t<p class=\"p1\"><b>Domaine la Guintrandy: Biologische Wijnbouw in de Zuidelijke Rh\u00f4ne<\/b><b><\/b><\/p><p class=\"p1\">Domaine la Guintrandy van <strong>Olivier Cuilleras<\/strong> ligt tegen de zuidelijke hellingen van het massief van de Dentelles de Montmirail in de zuidelijke Rh\u00f4ne-vallei, Frankrijk. Het domein valt binnen de appellaties <b>C\u00f4tes du Rh\u00f4ne Villages<\/b> en <b>Visan<\/b>. De wijngaarden groeien op een bodem van zwarte mergel, slib, klei en zand, wat bijdraagt aan de unieke smaak van de wijnen.<\/p><p class=\"p1\">Met een rijke geschiedenis die teruggaat tot de Romeinse tijd, wordt het domein al generaties lang beheerd door dezelfde familie, die de traditie en het vakmanschap van de wijnbouw hoog in het vaandel draagt. <b>Domaine la Guintrandy<\/b> hanteert duurzame biologische wijnbouwtechnieken om zowel de bodemvruchtbaarheid te behouden als de biodiversiteit te bevorderen.<\/p><p class=\"p1\">De wijngaarden liggen op een plateau met een rijke kalksteen- en kleibodem, wat zorgt voor een uitstekende kwaliteit van de druiven. Het domein heeft een hoge dichtheid van wijnstokken per hectare, wat resulteert in lagere opbrengsten per stok, maar een hogere druivenkwaliteit door betere zonlichtinfiltratie en luchtcirculatie.<\/p><p class=\"p1\">De wijn wordt ambachtelijk geproduceerd met een <b>ontstemmingsproces<\/b> en een <b>vatperiode van drie weken<\/b>. Het handmatig persen van de dop zorgt voor een verfijnde smaak. Moderne technologie\u00ebn, zoals <b>optische sorteermachines<\/b> en <b>temperatuur gecontroleerde fermentatietanks<\/b>, zorgen voor een nauwkeurige en consistente vinificatie, die de hoge kwaliteit van de wijnen garandeert.<\/p>\t\t\t\t\t\t\t\t<\/div>\n\t\t\t\t<\/div>\n\t\t\t\t\t<\/div>\n\t\t\t\t<\/div>\n\t\t\t\t<\/div>\n\t\t","protected":false},"excerpt":{"rendered":"<p>Paarse tinten, helder.<br \/>\nZwart fruit, kruiden en gedroogd fruit. Gevolgd door tonen van kastanje en zwarte bes.<br \/>\nGulzig, de tannines zijn rond en de afdronk biedt tonen van zoethout.<br \/>\n<strong>Domaine la Guintrandy, Beaumes de Venise BIO<\/strong><\/p>\n","protected":false},"featured_media":3661,"template":"","meta":{"site-sidebar-layout":"default","site-content-layout":"","ast-site-content-layout":"default","site-content-style":"default","site-sidebar-style":"default","ast-global-header-display":"","ast-banner-title-visibility":"","ast-main-header-display":"","ast-hfb-above-header-display":"","ast-hfb-below-header-display":"","ast-hfb-mobile-header-display":"","site-post-title":"","ast-breadcrumbs-content":"","ast-featured-img":"","footer-sml-layout":"","ast-disable-related-posts":"","theme-transparent-header-meta":"default","adv-header-id-meta":"","stick-header-meta":"default","header-above-stick-meta":"","header-main-stick-meta":"","header-below-stick-meta":"","astra-migrate-meta-layouts":"set","ast-page-background-enabled":"default","ast-page-background-meta":{"desktop":{"background-color":"var(--ast-global-color-4)","background-image":"","background-repeat":"repeat","background-position":"center center","background-size":"auto","background-attachment":"scroll","background-type":"","background-media":"","overlay-type":"","overlay-color":"","overlay-opacity":"","overlay-gradient":""},"tablet":{"background-color":"","background-image":"","background-repeat":"repeat","background-position":"center center","background-size":"auto","background-attachment":"scroll","background-type":"","background-media":"","overlay-type":"","overlay-color":"","overlay-opacity":"","overlay-gradient":""},"mobile":{"background-color":"","background-image":"","background-repeat":"repeat","background-position":"center center","background-size":"auto","background-attachment":"scroll","background-type":"","background-media":"","overlay-type":"","overlay-color":"","overlay-opacity":"","overlay-gradient":""}},"ast-content-background-meta":{"desktop":{"background-color":"var(--ast-global-color-5)","background-image":"","background-repeat":"repeat","background-position":"center center","background-size":"auto","background-attachment":"scroll","background-type":"","background-media":"","overlay-type":"","overlay-color":"","overlay-opacity":"","overlay-gradient":""},"tablet":{"background-color":"var(--ast-global-color-5)","background-image":"","background-repeat":"repeat","background-position":"center center","background-size":"auto","background-attachment":"scroll","background-type":"","background-media":"","overlay-type":"","overlay-color":"","overlay-opacity":"","overlay-gradient":""},"mobile":{"background-color":"var(--ast-global-color-5)","background-image":"","background-repeat":"repeat","background-position":"center center","background-size":"auto","background-attachment":"scroll","background-type":"","background-media":"","overlay-type":"","overlay-color":"","overlay-opacity":"","overlay-gradient":""}}},"product_brand":[],"product_cat":[67,63,44,58],"product_tag":[361,519,566],"class_list":{"0":"post-6391","1":"product","2":"type-product","3":"status-publish","4":"has-post-thumbnail","6":"product_cat-rhone","7":"product_cat-biologische-wijnen","8":"product_cat-frankrijk","9":"product_cat-rode-wijnen","10":"product_tag-bio","11":"product_tag-domaine-la-guintrandy","12":"product_tag-rhone","13":"pa_land-van-herkomst-frankrijk","14":"desktop-align-center","15":"tablet-align-left","16":"mobile-align-left","18":"first","19":"instock","20":"taxable","21":"shipping-taxable","22":"purchasable","23":"product-type-simple"},"supplier_id":null,"supplier_sku":"","atum_controlled":true,"out_stock_date":null,"out_stock_threshold":null,"inheritable":false,"inbound_stock":0,"stock_on_hold":0,"sold_today":0,"sales_last_days":0,"reserved_stock":0,"customer_returns":0,"warehouse_damage":0,"lost_in_post":0,"other_logs":0,"out_stock_days":0,"lost_sales":0,"has_location":false,"update_date":"2026-05-15T08:40:37","atum_locations":[],"atum_stock_status":"instock","restock_status":false,"low_stock_amount":"","sales_update_date":"2026-05-15T08:40:37","calc_backorders":null,"_links":{"self":[{"href":"https:\/\/puretaste.fr\/nl\/wp-json\/wp\/v2\/product\/6391","targetHints":{"allow":["GET"]}}],"collection":[{"href":"https:\/\/puretaste.fr\/nl\/wp-json\/wp\/v2\/product"}],"about":[{"href":"https:\/\/puretaste.fr\/nl\/wp-json\/wp\/v2\/types\/product"}],"version-history":[{"count":0,"href":"https:\/\/puretaste.fr\/nl\/wp-json\/wp\/v2\/product\/6391\/revisions"}],"wp:featuredmedia":[{"embeddable":true,"href":"https:\/\/puretaste.fr\/nl\/wp-json\/wp\/v2\/media\/3661"}],"wp:attachment":[{"href":"https:\/\/puretaste.fr\/nl\/wp-json\/wp\/v2\/media?parent=6391"}],"wp:term":[{"taxonomy":"product_brand","embeddable":true,"href":"https:\/\/puretaste.fr\/nl\/wp-json\/wp\/v2\/product_brand?post=6391"},{"taxonomy":"product_cat","embeddable":true,"href":"https:\/\/puretaste.fr\/nl\/wp-json\/wp\/v2\/product_cat?post=6391"},{"taxonomy":"product_tag","embeddable":true,"href":"https:\/\/puretaste.fr\/nl\/wp-json\/wp\/v2\/product_tag?post=6391"}],"curies":[{"name":"wp","href":"https:\/\/api.w.org\/{rel}","templated":true}]}}