{"id":9589,"date":"2025-03-29T11:58:49","date_gmt":"2025-03-29T11:58:49","guid":{"rendered":"https:\/\/puretaste.fr\/?post_type=product&#038;p=9589"},"modified":"2026-03-02T11:25:54","modified_gmt":"2026-03-02T11:25:54","slug":"chateau-dastros-la-belle-vie-blanc-bio-2024","status":"publish","type":"product","link":"https:\/\/puretaste.fr\/nl\/product\/chateau-dastros-la-belle-vie-blanc-bio-2024\/","title":{"rendered":"Ch\u00e2teau d&#8217;Astros, La Belle Vie blanc BIO 2024"},"content":{"rendered":"\t\t<div data-elementor-type=\"product-post\" data-elementor-id=\"9589\" class=\"elementor elementor-9589 elementor-9588\" data-elementor-post-type=\"product\">\n\t\t\t\t<div class=\"elementor-element elementor-element-7115473e e-flex e-con-boxed e-con e-parent\" data-id=\"7115473e\" data-element_type=\"container\" data-e-type=\"container\">\n\t\t\t\t\t<div class=\"e-con-inner\">\n\t\t\t\t<div class=\"elementor-element elementor-element-7b36299 elementor-widget elementor-widget-gallery\" data-id=\"7b36299\" data-element_type=\"widget\" data-e-type=\"widget\" data-settings=\"{&quot;columns&quot;:5,&quot;gap&quot;:{&quot;unit&quot;:&quot;px&quot;,&quot;size&quot;:8,&quot;sizes&quot;:[]},&quot;aspect_ratio&quot;:&quot;4:3&quot;,&quot;lazyload&quot;:&quot;yes&quot;,&quot;gallery_layout&quot;:&quot;grid&quot;,&quot;columns_tablet&quot;:2,&quot;columns_mobile&quot;:1,&quot;gap_laptop&quot;:{&quot;unit&quot;:&quot;px&quot;,&quot;size&quot;:10,&quot;sizes&quot;:[]},&quot;gap_tablet_extra&quot;:{&quot;unit&quot;:&quot;px&quot;,&quot;size&quot;:10,&quot;sizes&quot;:[]},&quot;gap_tablet&quot;:{&quot;unit&quot;:&quot;px&quot;,&quot;size&quot;:10,&quot;sizes&quot;:[]},&quot;gap_mobile_extra&quot;:{&quot;unit&quot;:&quot;px&quot;,&quot;size&quot;:10,&quot;sizes&quot;:[]},&quot;gap_mobile&quot;:{&quot;unit&quot;:&quot;px&quot;,&quot;size&quot;:10,&quot;sizes&quot;:[]},&quot;link_to&quot;:&quot;file&quot;,&quot;overlay_background&quot;:&quot;yes&quot;,&quot;content_hover_animation&quot;:&quot;fade-in&quot;}\" data-widget_type=\"gallery.default\">\n\t\t\t\t<div class=\"elementor-widget-container\">\n\t\t\t\t\t\t\t<div class=\"elementor-gallery__container\">\n\t\t\t\t\t\t\t<a class=\"e-gallery-item elementor-gallery-item elementor-animated-content\" href=\"https:\/\/puretaste.fr\/wp-content\/uploads\/astros3.jpeg\" data-elementor-open-lightbox=\"yes\" data-elementor-lightbox-slideshow=\"7b36299\" data-elementor-lightbox-title=\"astros3\" data-e-action-hash=\"#elementor-action%3Aaction%3Dlightbox%26settings%3DeyJpZCI6MjgxNiwidXJsIjoiaHR0cHM6XC9cL3B1cmV0YXN0ZS5mclwvd3AtY29udGVudFwvdXBsb2Fkc1wvYXN0cm9zMy5qcGVnIiwic2xpZGVzaG93IjoiN2IzNjI5OSJ9\">\n\t\t\t\t\t<div class=\"e-gallery-image elementor-gallery-item__image\" data-thumbnail=\"https:\/\/puretaste.fr\/wp-content\/uploads\/astros3.jpeg\" data-width=\"261\" data-height=\"193\" aria-label=\"\" role=\"img\" ><\/div>\n\t\t\t\t\t\t\t\t\t\t\t<div class=\"elementor-gallery-item__overlay\"><\/div>\n\t\t\t\t\t\t\t\t\t\t\t\t\t\t<\/a>\n\t\t\t\t\t\t\t<a class=\"e-gallery-item elementor-gallery-item elementor-animated-content\" href=\"https:\/\/puretaste.fr\/wp-content\/uploads\/astros.jpeg\" data-elementor-open-lightbox=\"yes\" data-elementor-lightbox-slideshow=\"7b36299\" data-elementor-lightbox-title=\"Ch\u00e2teau d\u2019Astros Augustine Ros\u00e9\" data-elementor-lightbox-description=\"Ch\u00e2teau d\u2019Astros Augustine Ros\u00e9 \" data-e-action-hash=\"#elementor-action%3Aaction%3Dlightbox%26settings%3DeyJpZCI6MjgxMywidXJsIjoiaHR0cHM6XC9cL3B1cmV0YXN0ZS5mclwvd3AtY29udGVudFwvdXBsb2Fkc1wvYXN0cm9zLmpwZWciLCJzbGlkZXNob3ciOiI3YjM2Mjk5In0%3D\">\n\t\t\t\t\t<div class=\"e-gallery-image elementor-gallery-item__image\" data-thumbnail=\"https:\/\/puretaste.fr\/wp-content\/uploads\/astros.jpeg\" data-width=\"275\" data-height=\"183\" aria-label=\"Ch\u00e2teau d\u2019Astros Augustine Ros\u00e9\" role=\"img\" ><\/div>\n\t\t\t\t\t\t\t\t\t\t\t<div class=\"elementor-gallery-item__overlay\"><\/div>\n\t\t\t\t\t\t\t\t\t\t\t\t\t\t<\/a>\n\t\t\t\t\t\t\t<a class=\"e-gallery-item elementor-gallery-item elementor-animated-content\" href=\"https:\/\/puretaste.fr\/wp-content\/uploads\/astros2.jpeg\" data-elementor-open-lightbox=\"yes\" data-elementor-lightbox-slideshow=\"7b36299\" data-elementor-lightbox-title=\"astros2\" data-e-action-hash=\"#elementor-action%3Aaction%3Dlightbox%26settings%3DeyJpZCI6MjgxMCwidXJsIjoiaHR0cHM6XC9cL3B1cmV0YXN0ZS5mclwvd3AtY29udGVudFwvdXBsb2Fkc1wvYXN0cm9zMi5qcGVnIiwic2xpZGVzaG93IjoiN2IzNjI5OSJ9\">\n\t\t\t\t\t<div class=\"e-gallery-image elementor-gallery-item__image\" data-thumbnail=\"https:\/\/puretaste.fr\/wp-content\/uploads\/astros2.jpeg\" data-width=\"259\" data-height=\"194\" aria-label=\"\" role=\"img\" ><\/div>\n\t\t\t\t\t\t\t\t\t\t\t<div class=\"elementor-gallery-item__overlay\"><\/div>\n\t\t\t\t\t\t\t\t\t\t\t\t\t\t<\/a>\n\t\t\t\t\t\t\t<a class=\"e-gallery-item elementor-gallery-item elementor-animated-content\" href=\"https:\/\/puretaste.fr\/wp-content\/uploads\/385078192_1228652698076363_8170305491882469910_n.jpg\" data-elementor-open-lightbox=\"yes\" data-elementor-lightbox-slideshow=\"7b36299\" data-elementor-lightbox-title=\"385078192_1228652698076363_8170305491882469910_n\" data-e-action-hash=\"#elementor-action%3Aaction%3Dlightbox%26settings%3DeyJpZCI6MjgwNywidXJsIjoiaHR0cHM6XC9cL3B1cmV0YXN0ZS5mclwvd3AtY29udGVudFwvdXBsb2Fkc1wvMzg1MDc4MTkyXzEyMjg2NTI2OTgwNzYzNjNfODE3MDMwNTQ5MTg4MjQ2OTkxMF9uLmpwZyIsInNsaWRlc2hvdyI6IjdiMzYyOTkifQ%3D%3D\">\n\t\t\t\t\t<div class=\"e-gallery-image elementor-gallery-item__image\" data-thumbnail=\"https:\/\/puretaste.fr\/wp-content\/uploads\/385078192_1228652698076363_8170305491882469910_n-768x512.jpg\" data-width=\"768\" data-height=\"512\" aria-label=\"\" role=\"img\" ><\/div>\n\t\t\t\t\t\t\t\t\t\t\t<div class=\"elementor-gallery-item__overlay\"><\/div>\n\t\t\t\t\t\t\t\t\t\t\t\t\t\t<\/a>\n\t\t\t\t\t\t\t<a class=\"e-gallery-item elementor-gallery-item elementor-animated-content\" href=\"https:\/\/puretaste.fr\/wp-content\/uploads\/385018607_1229786547962978_4325208793509732381_n.jpg\" data-elementor-open-lightbox=\"yes\" data-elementor-lightbox-slideshow=\"7b36299\" data-elementor-lightbox-title=\"385018607_1229786547962978_4325208793509732381_n\" data-e-action-hash=\"#elementor-action%3Aaction%3Dlightbox%26settings%3DeyJpZCI6MjgwNCwidXJsIjoiaHR0cHM6XC9cL3B1cmV0YXN0ZS5mclwvd3AtY29udGVudFwvdXBsb2Fkc1wvMzg1MDE4NjA3XzEyMjk3ODY1NDc5NjI5NzhfNDMyNTIwODc5MzUwOTczMjM4MV9uLmpwZyIsInNsaWRlc2hvdyI6IjdiMzYyOTkifQ%3D%3D\">\n\t\t\t\t\t<div class=\"e-gallery-image elementor-gallery-item__image\" data-thumbnail=\"https:\/\/puretaste.fr\/wp-content\/uploads\/385018607_1229786547962978_4325208793509732381_n-768x512.jpg\" data-width=\"768\" data-height=\"512\" aria-label=\"\" role=\"img\" ><\/div>\n\t\t\t\t\t\t\t\t\t\t\t<div class=\"elementor-gallery-item__overlay\"><\/div>\n\t\t\t\t\t\t\t\t\t\t\t\t\t\t<\/a>\n\t\t\t\t\t<\/div>\n\t\t\t\t\t<\/div>\n\t\t\t\t<\/div>\n\t\t\t\t<div class=\"elementor-element elementor-element-6d17e238 elementor-widget elementor-widget-text-editor\" data-id=\"6d17e238\" data-element_type=\"widget\" data-e-type=\"widget\" data-widget_type=\"text-editor.default\">\n\t\t\t\t<div class=\"elementor-widget-container\">\n\t\t\t\t\t\t\t\t\t<p><strong>Een verfijnde witte wijn uit de Provence<\/strong><\/p><p><strong>Ch\u00e2teau d&#8217;Astros<\/strong>, genesteld in het hart van de Provence, is een historisch wijndomein waarvan de oorsprong teruggaat tot de 13e eeuw. Als voormalig bolwerk van de Tempeliers combineert het nu traditie en innovatie om uitzonderlijke wijnen te produceren. <strong>La Belle Vie Blanc<\/strong>, uitsluitend gemaakt van rolle-druiven, belichaamt de elegantie en frisheid van het Proven\u00e7aalse terroir.  <\/p><p>Deze witte wijn ontleent zijn complexiteit aan de druivensoort die emblematisch is voor het zuiden van Frankrijk. Onder invloed van het mediterrane klimaat profiteren de druiven van zonnige dagen en de verfrissende Mistral-wind, waardoor ze optimaal rijp zijn en hun levendigheid behouden. Het resultaat is een stralende wijn met een lichtgouden kleur, die een verfijnd bouquet van citrusfruit, witte bloemen en subtiele tonen van exotisch fruit onthult.  <\/p><p><strong>Un Domaine Viticole Engag\u00e9 pour la Durabilit\u00e9<\/strong><\/p><p>Met een oppervlakte van meer dan 800 hectare, waarvan 80 hectare wijngaarden, is dit landgoed niet alleen gericht op wijnproductie. Er zijn ook bossen en olijfgaarden, die de biodiversiteit bevorderen en het natuurlijke evenwicht van het ecosysteem behouden. De wijnboeren zijn voorstander van milieuvriendelijke methoden, waarbij chemische inputs worden vermeden ten gunste van natuurlijke oplossingen zoals organische compost, gras en duurzame landbouwpraktijken.  <\/p><p>Dankzij deze verbintenissen heeft de wijngaard het Haute Valeur Environnementale (HVE) label gekregen, een certificering die wijnbouwers beloont die zich bekommeren om hun ecologische impact. Dit label garandeert een geoptimaliseerd beheer van de natuurlijke hulpbronnen en een consistente kwaliteit van de wijnen. <\/p><p>De uitdrukking van Proven\u00e7aals terroir in een glas<\/p><p>Deze witte wijn belichaamt perfect de wijnidentiteit van de Provence. Zijn lichtgele kleur met gouden accenten kondigt een wijn van grote finesse aan. In de neus onthult hij levendige aroma&#8217;s van citroen, limoen en witte perzik, subtiel versterkt door florale toetsen zoals jasmijn en amandelbloesem.  <\/p><p>In de mond is de balans tussen fruitige frisheid en verfijnde mineraliteit opmerkelijk. Zijn zijdezachte textuur en aanhoudende afdronk maken van deze wijn de ideale begeleider van verschillende combinaties van spijs en wijn. Perfect als aperitief, maar ook heerlijk bij gegrilde vis, zeevruchten, zomerse salades of risotto met citrusvruchten.  <\/p><p>Uitmuntendheid en knowhow<\/p><p>Deze cuv\u00e9e onderscheidt zich niet alleen door zijn verfijnde aromatische karakter, maar ook door de aandacht die wordt besteed aan elke fase in de ontwikkeling. De druiven worden met de hand geplukt en streng geselecteerd om een onberispelijke kwaliteit te garanderen. De vinificatie op lage temperatuur behoudt alle aromatische complexiteit en natuurlijke frisheid van de wijn. Het resultaat is een expressieve, elegante witte wijn die de essentie van het Proven\u00e7aalse terroir weergeeft.   <\/p><p>De combinatie van verantwoorde wijnbouw en technische expertise maakt deze fles een must voor liefhebbers van grote witte wijnen. Elke cuv\u00e9e die hier wordt geproduceerd is een eerbetoon aan het terroir, een combinatie van evenwicht en zuiverheid. <\/p><p>Meer dan zomaar een wijn, nodigt deze uitdrukking van Proven\u00e7aalse savoir-faire je uit om te genieten van een unieke levenskunst. Elke slok neemt je mee naar het hart van de zonovergoten wijngaarden, waar natuur en moderniteit elkaar ontmoeten voor een authentieke en verfijnde ervaring. <\/p><p> <\/p><p> <\/p>\t\t\t\t\t\t\t\t<\/div>\n\t\t\t\t<\/div>\n\t\t\t\t\t<\/div>\n\t\t\t\t<\/div>\n\t\t\t\t<\/div>\n\t\t","protected":false},"excerpt":{"rendered":"<p>La couleur or p\u00e2le r\u00e9v\u00e8le un bouquet sophistiqu\u00e9 d&#8217;agrumes,<br \/>\nFleurs blanches<br \/>\nSubtiles notes de fruits exotiques.<br \/>\n<strong>Ch\u00e2teau d&#8217;Astros, La Belle Vie blanc BIO<\/strong><\/p>\n","protected":false},"featured_media":9592,"template":"","meta":{"site-sidebar-layout":"default","site-content-layout":"","ast-site-content-layout":"default","site-content-style":"default","site-sidebar-style":"default","ast-global-header-display":"","ast-banner-title-visibility":"","ast-main-header-display":"","ast-hfb-above-header-display":"","ast-hfb-below-header-display":"","ast-hfb-mobile-header-display":"","site-post-title":"","ast-breadcrumbs-content":"","ast-featured-img":"","footer-sml-layout":"","ast-disable-related-posts":"","theme-transparent-header-meta":"default","adv-header-id-meta":"","stick-header-meta":"default","header-above-stick-meta":"","header-main-stick-meta":"","header-below-stick-meta":"","astra-migrate-meta-layouts":"set","ast-page-background-enabled":"default","ast-page-background-meta":{"desktop":{"background-color":"var(--ast-global-color-4)","background-image":"","background-repeat":"repeat","background-position":"center center","background-size":"auto","background-attachment":"scroll","background-type":"","background-media":"","overlay-type":"","overlay-color":"","overlay-opacity":"","overlay-gradient":""},"tablet":{"background-color":"","background-image":"","background-repeat":"repeat","background-position":"center center","background-size":"auto","background-attachment":"scroll","background-type":"","background-media":"","overlay-type":"","overlay-color":"","overlay-opacity":"","overlay-gradient":""},"mobile":{"background-color":"","background-image":"","background-repeat":"repeat","background-position":"center center","background-size":"auto","background-attachment":"scroll","background-type":"","background-media":"","overlay-type":"","overlay-color":"","overlay-opacity":"","overlay-gradient":""}},"ast-content-background-meta":{"desktop":{"background-color":"var(--ast-global-color-5)","background-image":"","background-repeat":"repeat","background-position":"center center","background-size":"auto","background-attachment":"scroll","background-type":"","background-media":"","overlay-type":"","overlay-color":"","overlay-opacity":"","overlay-gradient":""},"tablet":{"background-color":"var(--ast-global-color-5)","background-image":"","background-repeat":"repeat","background-position":"center center","background-size":"auto","background-attachment":"scroll","background-type":"","background-media":"","overlay-type":"","overlay-color":"","overlay-opacity":"","overlay-gradient":""},"mobile":{"background-color":"var(--ast-global-color-5)","background-image":"","background-repeat":"repeat","background-position":"center center","background-size":"auto","background-attachment":"scroll","background-type":"","background-media":"","overlay-type":"","overlay-color":"","overlay-opacity":"","overlay-gradient":""}}},"product_brand":[751],"product_cat":[70,63,44,61,59],"product_tag":[361,834,752],"class_list":{"0":"post-9589","1":"product","2":"type-product","3":"status-publish","4":"has-post-thumbnail","6":"product_brand-chateau-astros","7":"product_cat-provence","8":"product_cat-biologische-wijnen","9":"product_cat-frankrijk","10":"product_cat-nieuwe-wijnen","11":"product_cat-witte-wijnen","12":"product_tag-bio","13":"product_tag-blanc-nl","14":"product_tag-chateau-dastros","15":"pa_land-van-herkomst-frankrijk","16":"desktop-align-center","17":"tablet-align-left","18":"mobile-align-left","20":"first","21":"instock","22":"taxable","23":"shipping-taxable","24":"purchasable","25":"product-type-simple"},"supplier_id":null,"supplier_sku":"","atum_controlled":true,"out_stock_date":null,"out_stock_threshold":null,"inheritable":false,"inbound_stock":0,"stock_on_hold":0,"sold_today":0,"sales_last_days":0,"reserved_stock":0,"customer_returns":0,"warehouse_damage":0,"lost_in_post":0,"other_logs":0,"out_stock_days":0,"lost_sales":0,"has_location":false,"update_date":"2026-05-15T08:40:34","atum_locations":[],"atum_stock_status":"instock","restock_status":false,"low_stock_amount":"","sales_update_date":"2026-05-15T08:40:34","calc_backorders":null,"_links":{"self":[{"href":"https:\/\/puretaste.fr\/nl\/wp-json\/wp\/v2\/product\/9589","targetHints":{"allow":["GET"]}}],"collection":[{"href":"https:\/\/puretaste.fr\/nl\/wp-json\/wp\/v2\/product"}],"about":[{"href":"https:\/\/puretaste.fr\/nl\/wp-json\/wp\/v2\/types\/product"}],"version-history":[{"count":0,"href":"https:\/\/puretaste.fr\/nl\/wp-json\/wp\/v2\/product\/9589\/revisions"}],"wp:featuredmedia":[{"embeddable":true,"href":"https:\/\/puretaste.fr\/nl\/wp-json\/wp\/v2\/media\/9592"}],"wp:attachment":[{"href":"https:\/\/puretaste.fr\/nl\/wp-json\/wp\/v2\/media?parent=9589"}],"wp:term":[{"taxonomy":"product_brand","embeddable":true,"href":"https:\/\/puretaste.fr\/nl\/wp-json\/wp\/v2\/product_brand?post=9589"},{"taxonomy":"product_cat","embeddable":true,"href":"https:\/\/puretaste.fr\/nl\/wp-json\/wp\/v2\/product_cat?post=9589"},{"taxonomy":"product_tag","embeddable":true,"href":"https:\/\/puretaste.fr\/nl\/wp-json\/wp\/v2\/product_tag?post=9589"}],"curies":[{"name":"wp","href":"https:\/\/api.w.org\/{rel}","templated":true}]}}